{"id":5555,"date":"2023-04-04T17:48:53","date_gmt":"2023-04-04T17:48:53","guid":{"rendered":"https:\/\/foros.cr\/?page_id=5555"},"modified":"2025-01-17T08:30:53","modified_gmt":"2025-01-17T14:30:53","slug":"politica-de-privacidad-y-tratamiento-de-datos-personales-del-sitio-web-www-globalforums-co-y-la-empresa-global-forums-s-a","status":"publish","type":"page","link":"https:\/\/foros.cr\/index.php\/politica-de-privacidad-y-tratamiento-de-datos-personales-del-sitio-web-www-globalforums-co-y-la-empresa-global-forums-s-a\/","title":{"rendered":"POL\u00cdTICA DE PRIVACIDAD Y TRATAMIENTO DE DATOS PERSONALES DEL SITIO WEB WWW.GLOBALFORUMS.CO Y LA EMPRESA GLOBAL FORUMS S.A"},"content":{"rendered":"\t\t<div data-elementor-type=\"wp-page\" data-elementor-id=\"5555\" class=\"elementor elementor-5555\" data-elementor-post-type=\"page\">\n\t\t\t\t\t\t<section class=\"elementor-section elementor-top-section elementor-element elementor-element-046281d elementor-section-boxed elementor-section-height-default elementor-section-height-default\" data-id=\"046281d\" data-element_type=\"section\" data-e-type=\"section\" data-settings=\"{&quot;background_background&quot;:&quot;classic&quot;}\">\n\t\t\t\t\t\t<div class=\"elementor-container elementor-column-gap-default\">\n\t\t\t\t\t<div class=\"elementor-column elementor-col-100 elementor-top-column elementor-element elementor-element-b832aa2\" data-id=\"b832aa2\" data-element_type=\"column\" data-e-type=\"column\">\n\t\t\t<div class=\"elementor-widget-wrap elementor-element-populated\">\n\t\t\t\t\t\t<div class=\"elementor-element elementor-element-50904fa elementor-widget elementor-widget-image\" data-id=\"50904fa\" data-element_type=\"widget\" data-e-type=\"widget\" data-widget_type=\"image.default\">\n\t\t\t\t<div class=\"elementor-widget-container\">\n\t\t\t\t\t\t\t\t\t\t\t\t\t\t\t<img fetchpriority=\"high\" decoding=\"async\" width=\"1024\" height=\"302\" src=\"https:\/\/foros.cr\/wp-content\/uploads\/2024\/05\/LOGO-GLOBAL-FORUMS_transparente_TIPOGRAFIA-BLANCO-1024x302.png\" class=\"attachment-large size-large wp-image-38327\" alt=\"\" srcset=\"https:\/\/foros.cr\/wp-content\/uploads\/2024\/05\/LOGO-GLOBAL-FORUMS_transparente_TIPOGRAFIA-BLANCO-1024x302.png 1024w, https:\/\/foros.cr\/wp-content\/uploads\/2024\/05\/LOGO-GLOBAL-FORUMS_transparente_TIPOGRAFIA-BLANCO-300x88.png 300w, https:\/\/foros.cr\/wp-content\/uploads\/2024\/05\/LOGO-GLOBAL-FORUMS_transparente_TIPOGRAFIA-BLANCO-768x226.png 768w, https:\/\/foros.cr\/wp-content\/uploads\/2024\/05\/LOGO-GLOBAL-FORUMS_transparente_TIPOGRAFIA-BLANCO-1536x453.png 1536w, https:\/\/foros.cr\/wp-content\/uploads\/2024\/05\/LOGO-GLOBAL-FORUMS_transparente_TIPOGRAFIA-BLANCO-2048x604.png 2048w\" sizes=\"(max-width: 1024px) 100vw, 1024px\" \/>\t\t\t\t\t\t\t\t\t\t\t\t\t\t\t<\/div>\n\t\t\t\t<\/div>\n\t\t\t\t<div class=\"elementor-element elementor-element-c5570a1 elementor-widget elementor-widget-text-editor\" data-id=\"c5570a1\" data-element_type=\"widget\" data-e-type=\"widget\" data-widget_type=\"text-editor.default\">\n\t\t\t\t<div class=\"elementor-widget-container\">\n\t\t\t\t\t\t\t\t\t<p><strong>POL\u00cdTICA DE PRIVACIDAD Y TRATAMIENTO DE DATOS PERSONALES DEL SITIO WEB globalforums.co Y LA EMPRESA GLOBAL FORUMS S.A<\/strong><\/p>\n<p>LA EMPRESA, GLOBAL FORUMS LIMITADA, con c\u00e9dula jur\u00eddica 3-102-851065, con domicilio en San Jos\u00e9 de Costa Rica, n\u00famero tel\u00e9fono +506 4001 6376 Ext. 108, correo electr\u00f3nico info@foros.cr (en este acto \u201cLA EMPRESA\u201d o \u201cGLOBAL FORUMS LIMITADA\u201d),<\/p>\n<p><strong>Consentimiento Informado<\/strong><\/p>\n<p>El titular de los datos (en adelante el Usuario) otorga su consentimiento informado de manera libre, espec\u00edfica, expresa, informada e inequ\u00edvoca a LA EMPRESA para que realice el tratamiento de los datos personales del Usuario de acuerdo a lo establecido en esta pol\u00edtica de privacidad, avalando adem\u00e1s dicho consentimiento, aceptaci\u00f3n y su comprensi\u00f3n a trav\u00e9s de cualquier plataforma de mensajer\u00eda o plataforma de comunicaci\u00f3n electr\u00f3nica con la que se ponga en contacto con LA EMPRESA, o haciendo clic en la casilla de aceptaci\u00f3n ubicada en cada uno de los formularios del Sitio Web.<\/p>\n<p>La negativa del Usuario a otorgar este consentimiento informado a LA EMPRESA restringe la posibilidad del Usuario de registrarse, contactar a los representantes a trav\u00e9s de los canales de comunicaci\u00f3n digitales disponibles por LA EMPRESA, as\u00ed como comprar los tiquetes para ingresar a los eventos organizados por \u00e9ste. Ser\u00e1 necesario por lo tanto que el Usuario se comunique con LA EMPRESA de manera directa a trav\u00e9s de llamada telef\u00f3nica \u00fanicamente, con la salvedad que durante la llamada y de acuerdo a la informaci\u00f3n compartida pueda ser solicitado el consentimiento informado por parte del Responsable para la correcta prestaci\u00f3n del servicio.<\/p>\n<p><strong>1.- Responsable del tratamiento de datos<\/strong><\/p>\n<p>LA EMPRESA <strong>GLOBAL FORUMS<\/strong> LIMITADA CON C\u00c9DULA JUR\u00cdDICA 3-102-851-065, con domicilio en Heredia, San Rafael, Condominio Campo Suizo, Casa 10C, n\u00famero tel\u00e9fono +506 4001 6376, correo electr\u00f3nico info@foros.cr (en este acto \u201cLA EMPRESA\u201d o \u201cGLOBAL FORUMS\u201d), es el Responsable y encargado de recopilar, administrar, realizar el tratamiento y decidir la finalidad de los datos personales que los Usuarios comparten al interactuar con este sitio Web.<\/p>\n<p><strong>2.- Datos personales objeto de tratamiento<\/strong><\/p>\n<p>Enti\u00e9ndase dato personal como cualquier dato relativo a una persona f\u00edsica identificada o identificable, en consecuencia, para el cumplimiento de la finalidad aqu\u00ed establecida, LA EMPRESA recabar\u00e1 a trav\u00e9s del Sitio Web, los formularios y plataformas de mensajer\u00eda electr\u00f3nica, o en los perfiles de redes sociales de GLOBAL FORUMS, los siguientes datos personales: nombre completo, nombre de la empresa, domicilio, c\u00f3digo postal, tel\u00e9fono, direcci\u00f3n IP, perfiles en redes sociales, y cualquier otro necesario para la eficiente prestaci\u00f3n y la contrataci\u00f3n de los servicios ofrecidos en este Sitio Web.<\/p>\n<p>Esta Pol\u00edtica cubre todos los datos personales recolectados y tratados por LA EMPRESA.<\/p>\n<p><strong>3.- Finalidad del tratamiento de los datos personales<\/strong><\/p>\n<p>Cuando los Usuarios interact\u00faan con el Sitio Web o cuando tengan la condici\u00f3n de consumidores conforme los define la Ley 7472 \u2013 Ley de Promoci\u00f3n de la Competencia y Defensa Efectiva del Consumidor y su reglamento, la finalidad del tratamiento de los datos personales ser\u00e1: la venta de los tiquetes para ingresar a los eventos organizados o promocionados por LA EMPRESA, la gesti\u00f3n de cobros, la realizaci\u00f3n de Anal\u00edtica Web de la actividad del usuario y el comportamiento de navegaci\u00f3n en el Sitio Web,&nbsp; actividad del usuario en perfiles sociales de LA EMPRESA, env\u00edo de correos electr\u00f3nicos comerciales y transaccionales, contacto a trav\u00e9s de Redes Sociales, contacto a trav\u00e9s de servicios de mensajer\u00eda, llamadas telef\u00f3nicas, campa\u00f1as de publicidad en motores de b\u00fasqueda y redes sociales, elaboraci\u00f3n de contratos legales para la prestaci\u00f3n de servicios, encuestas, segmentaci\u00f3n de mercados para mejorar los servicios y la toma de decisiones del servicio al cliente y la adquisici\u00f3n de nuevos clientes.<\/p>\n<p>Cuando los Usuarios sean diferentes a la condici\u00f3n de consumidores, los datos personales recabados ser\u00e1n utilizados con la \u00fanica finalidad de resolver la consulta o el prop\u00f3sito del mensaje que el Usuario nos haga llegar a trav\u00e9s de cualquiera de nuestros canales de comunicaci\u00f3n.<\/p>\n<p><strong>4.- Tiempo de conservaci\u00f3n de los datos personales<\/strong><\/p>\n<p>Los datos personales de los Usuarios se conservar\u00e1n por un plazo m\u00e1ximo de 10 a\u00f1os a partir de la \u00faltima fecha de actividad del Usuario con el Sitio Web o con LA EMPRESA. Sin embargo, s\u00f3lo ser\u00e1n conservados durante el tiempo m\u00ednimo necesario para los fines del tratamiento especificados en el punto (3), o hasta que el Usuario solicite su supresi\u00f3n, en cuyo caso \u00fanicamente ser\u00e1n conservados por LA EMPRESA los datos necesarios para el ejercicio o la defensa de reclamaciones futuras.<\/p>\n<p><strong>5.- Destinatarios de los datos personales<\/strong><\/p>\n<p>LA EMPRESA es el destinatario final de los datos personales del Usuario. Tendr\u00e1n acceso a estos datos los colaboradores internos que LA EMPRESA disponga para este prop\u00f3sito y empresas pertenecientes al mismo grupo de inter\u00e9s econ\u00f3mico del LA EMPRESA. Sin embargo durante el tratamiento y el cumplimiento de la finalidad establecida en el punto (3) el Usuario otorga su consentimiento informado y expreso para que el Responsable comparta y transfiera sus datos personales a un encargado de tratamiento de datos o terceros que podr\u00edan estar establecidos en Costa Rica o fuera del pa\u00eds (transferencia internacional de datos personales), como lo podr\u00edan ser plataformas de pasarela de pagos, de email marketing, plataformas de CRMs, servicios de hosting, plataformas de Anal\u00edtica Web, patrocinadores de los eventos, etc.<\/p>\n<p>LA EMPRESA para el cumplimiento de las finalidades del tratamiento de datos personales, utiliza los siguientes servicios de terceros, lo cual involucra la transferencia de datos a terceros:<\/p>\n<p><strong>5.1- Gesti\u00f3n de datos personales para el pago en l\u00ednea<\/strong><\/p>\n<p>LA EMPRESA utiliza los servicios Greenpay, el cual es un tercero que ofrece y pone a disposici\u00f3n el mecanismo de cobro y procesamiento de pagos en l\u00ednea. A trav\u00e9s de un API el Sitio Web env\u00eda a los servidores de Greenpay los datos personales del Usuario, \u00e9ste a su vez durante el proceso de compra y ya directamente en los servidores de Greenpay env\u00eda los datos financieros requeridos para procesar y autorizar el pago en favor de LA EMPRESA. Por lo anterior, LA EMPRESA de ninguna manera recibe o realiza tratamiento de los datos financieros de los Usuarios siendo esta informaci\u00f3n recolectada y gestionada por Greenpay y sus procesadores afiliados VISA y Mastercard.<\/p>\n<p>En virtud de lo anterio, el Usuario entiende, acepta y otorga su consentimiento informado para que LA EMPRESA env\u00ede a Greenpay los datos personales necesarios para que \u00e9sta realice el procesamiento del pago.<\/p>\n<p><strong>Datos de la empresa<\/strong>: Green Pay S.A. C\u00e9dula Jur\u00eddica 3-101-699995. Costa Rica, San Jos\u00e9, Edificio Centro Cars, segundo Piso, Sabana.<\/p>\n<p><strong>5.2- Otros destinatarios<\/strong><\/p>\n<p><strong>Woocommerce<\/strong><\/p>\n<p><strong>Descripci\u00f3n: <\/strong>Woocommerce es la plataforma de comercio electr\u00f3nico que tiene implementada LA EMPRESA y a trav\u00e9s de la cual puede ofrecer y vender los eventos a el Usuario, tanto LA EMPRESA como Woocommerce utilizar\u00e1n cookies y recopilaran datos personales de los Usuarios durante el proceso de compra.<\/p>\n<p><strong>Datos de la empresa<\/strong>: Bubblestorm Management (Proprietary) Limited \u2013 conocido como WooCommerce. Rep\u00fablica de Sudafrica, N\u00famero de Registro 2010\/006103\/07.<\/p>\n<p><strong>Google Analytics<\/strong><\/p>\n<p><strong>Descripci\u00f3n<\/strong>: Servicio de Anal\u00edtica Web instalado en el c\u00f3digo del sitio web a trav\u00e9s de cookies y el cual permite realizar un an\u00e1lisis de como el Usuario utiliza y navega a trav\u00e9s del Sitio Web, con el prop\u00f3sito de crear un perfil del comportamiento del Usuario para mostarle anuncios en algunos de los sitios asociados de Google LLC.<\/p>\n<p><strong>Datos de la empresa:<\/strong> Google LLC, 1600 Amphitheatre Parkway, Mountain View, CA 94043<\/p>\n<p><strong>Facebook<\/strong><\/p>\n<p><strong>Descripci\u00f3n: <\/strong>El Sitio Web incluye el pixel de Facebook, \u00e9ste es una porci\u00f3n de Javascript que LA EMPRESA inserta en el c\u00f3digo del sitio web. El pixel de Facebook puede recopilar datos del Usuario como: la direcci\u00f3n IP, informaci\u00f3n sobre el navegador web, ubicaci\u00f3n de la p\u00e1gina, origen de referencia y persona que usa el Sitio Web o los botones o links en los que hace clic el Usuario. Estos datos despu\u00e9s son utilizados por Facebook y LA EMPRESA para crear campa\u00f1as de Marketing o mostrar anuncios al Usuario de tem\u00e1ticas de inter\u00e9s y a fin a los intereses del Usuario.<\/p>\n<p><strong>Datos de la empresa<\/strong>: Facebook, Inc., ATTN: Privacy Operations, 1601 Willow Road, Menlo Park, CA 94025.<\/p>\n<p><strong>Linode<\/strong><\/p>\n<p><strong>Descripci\u00f3n<\/strong>: Servicio de hosting en el cual se encuentra el Sitio Web.<\/p>\n<p><strong>Datos de la empresa<\/strong>: Linode, LLC, Estados Unidos, Filadelfia, Pensilvania.<\/p>\n<p><strong>QuadLayers<\/strong><\/p>\n<p><strong>Descripci\u00f3n<\/strong>: El Responsable utiliza en el sitio Web el plugin WhatsApp Chat desarrollado por la empresa QuadLayers, esta aplicaci\u00f3n permite que el Usuario contacte v\u00eda chat a un colaborador de LA EMPRESA en cualquier p\u00e1gina dentro del Sitio Web. WhatsApp Chat recaba el mensaje de datos enviado a trav\u00e9s de su aplicaci\u00f3n y lo env\u00eda a sus servidores para poder realizar un an\u00e1lisis anti spam.<\/p>\n<p><strong>Datos de la empresa<\/strong>: <a href=\"https:\/\/web.archive.org\/web\/20210920131617\/https:\/quadlayers.com\/\" target=\"_blank\" rel=\"noopener\">https:\/\/quadlayers.com\/<\/a><\/p>\n<p><strong>6.- Principios aplicados al tratamiento de datos<\/strong><\/p>\n<p>De acuerdo a lo establecido en la Ley 8968 \u2013 Ley de Protecci\u00f3n de la Persona frente al tratamiento de sus datos personales en su art\u00edculo n\u00famero 6, el Responsable se compromete a trav\u00e9s de esta Pol\u00edtica a recolectar, almacenar o emplear datos personales para su tratamiento automatizado o manual, en apego a los principios de actualidad de los datos, veracidad, exactitud y adecuaci\u00f3n al fin.<\/p>\n<p><strong>7.- Derechos del Usuario<\/strong><\/p>\n<p>El Usuario tiene los siguientes derechos respecto a los datos personales recabados y tratados por el Responsable:<\/p>\n<p><strong>7.1.- Acceso a la informaci\u00f3n<\/strong><\/p>\n<ul>\n<li>Solicitar al Responsable la confirmaci\u00f3n o no de la existencia de datos del Usuario en archivos o bases de datos en control del Responsable.<\/li>\n<li>Informar el uso que se le est\u00e1n dando a los datos personales del Usuario, su finalidad y los t\u00e9rminos t\u00e9cnicos utilizados para realizar el tratamiento de datos por parte del Responsable.<\/li>\n<\/ul>\n<ul>\n<li>Solicitar al Responsable la confirmaci\u00f3n o no de la existencia de datos del Usuario en archivos o bases de datos en control del Responsable.<\/li>\n<li>Informar el uso que se le est\u00e1n dando a los datos personales del Usuario, su finalidad y los t\u00e9rminos t\u00e9cnicos utilizados para realizar el tratamiento de datos por parte del Responsable.<\/li>\n<\/ul>\n<p><strong>7.2.- Derecho de rectificaci\u00f3n<\/strong><\/p>\n<p>El Usuario tiene el derecho de obtener la rectificaci\u00f3n de los datos personales y su actualizaci\u00f3n o la eliminaci\u00f3n de estos cuando se hayan tratado con infracci\u00f3n a las disposiciones de la Ley 8968, en particular a causa del car\u00e1cter incompleto o inexacto de los datos, o hayan sido recopilados sin autorizaci\u00f3n del titular.<\/p>\n<p><strong>7.3.- Derecho de Revocaci\u00f3n<\/strong><\/p>\n<p>El Usuario podr\u00e1 revocar su consentimiento informado para el tratamiento de sus datos personales por parte del Responsable, en cuyo caso \u00fanicamente ser\u00e1n conservados por el Responsable los datos necesarios para el ejercicio o la defensa de reclamaciones futuras.<\/p>\n<p><strong>7.4.- Derecho de supresi\u00f3n o eliminaci\u00f3n<\/strong><\/p>\n<p>El Usuario podr\u00e1 solicitar en cualquier momento a LA EMPRESA, la supresi\u00f3n o eliminaci\u00f3n total o parcial de los datos personales del titular, de manera definitiva, en cuyo caso \u00fanicamente ser\u00e1n conservados por el Responsable los datos necesarios para el ejercicio o la defensa de reclamaciones futuras. Las excepciones a la eliminaci\u00f3n de datos personales ser\u00e1n las establecidas por ley.<\/p>\n<p>Para el ejercicio de cualquiera de estos derechos, el Usuario deber\u00e1 dirigir una comunicaci\u00f3n por escrito al a la direcci\u00f3n de correo electr\u00f3nico info@foros.cr, incluyendo una fotocopia de su c\u00e9dula de identidad o pasaporte y toda la informaci\u00f3n relevante a su solicitud.<\/p>\n<p>Si el Usuario considera que la respuesta del Responsable no es satisfactoria y que sus Derechos no han sido cumplidos o que el tratamiento de datos personales por parte del Responsable no se encuentra apegado a la ley, podr\u00e1 contactar a la autoridad en materia de protecci\u00f3n de datos Prodhab : <strong>www.prodhab.go.cr<\/strong><\/p>\n<p><strong>8.- Secreto y seguridad de los datos personales<\/strong><\/p>\n<p>El Responsable\/LA EMPRESA est\u00e1 comprometido a proteger sus datos personales y tomar todas las medidas razonables para hacerlo. Tambi\u00e9n exige que terceros de confianza que manejen sus Datos personales adopten las medidas legales y de seguridad apropiadas en el tratamiento de los datos personales, sin embargo no puede tener control sobre su operaci\u00f3n y gesti\u00f3n diaria de los datos. Por lo tanto, LA EMPRESA no se hace responsable por accesos no autorizados, hackeos, robo de informaci\u00f3n, fugas de datos o cualquier otra vulneraci\u00f3n a la integridad, confidencialidad y disponibilidad de la informaci\u00f3n confidencial ocurrida en los servidores o establecimientos de terceros con los que comparte los datos personales de los Usuarios.<\/p>\n<p>El Responsable siempre hace todo lo posible para proteger sus Datos personales y, una vez que ha recibido su informaci\u00f3n personal, emplea procedimientos estrictos, protocolos y funciones de seguridad para tratar de evitar el acceso no autorizado. Dado que el env\u00edo de informaci\u00f3n por Internet no es completamente seguro, no puede garantizar la seguridad de sus datos enviados a trav\u00e9s de nuestro sitio web. Por lo tanto, cualquier informaci\u00f3n se env\u00eda bajo su propio riesgo.<\/p>\n<p><strong>Modificaci\u00f3n de la Pol\u00edtica de Privacidad<\/strong><\/p>\n<p>El Usuario entiende y acepta que la presente Pol\u00edtica de Privacidad podr\u00e1 ser revisada y modificada por LA EMPRESA en cualquier momento, mediante la publicaci\u00f3n de una nueva versi\u00f3n en el Sitio Web. Adem\u00e1s, entiende que es su obligaci\u00f3n y responsabilidad mantenerse informado de las noticias y actualizaciones que LA EMPRESA realice a estas Pol\u00edticas de Privacidad, las cuales siempre se comunicar\u00e1n a los Usuarios.<\/p>\n<p>Acepto que he le\u00eddo y comprendido la presente \u201cPOL\u00cdTICA DE PRIVACIDAD Y PROTECCI\u00d3N DE DATOS DEL SITIO WEB www.GLOBALFORUMS.CO Y GLOBAL FORUMS S.A, y al hacer clic en el recuadro y seleccionar \u201cAceptar\u201d, acepto de manera libre y expresa que este mecanismo sea mi firma electr\u00f3nica a trav\u00e9s de la cual manifiesto mi consentimiento, habiendo de mi parte revisado satisfactoriamente la informaci\u00f3n la cual considero adecuada y suficiente.<\/p>\n<p><strong>\u00daltima actualizaci\u00f3n: Enero 2025<\/strong><\/p>\t\t\t\t\t\t\t\t<\/div>\n\t\t\t\t<\/div>\n\t\t\t\t\t<\/div>\n\t\t<\/div>\n\t\t\t\t\t<\/div>\n\t\t<\/section>\n\t\t\t\t<\/div>\n\t\t","protected":false},"excerpt":{"rendered":"<p>POL\u00cdTICA DE PRIVACIDAD Y TRATAMIENTO DE DATOS PERSONALES DEL SITIO WEB globalforums.co Y LA EMPRESA GLOBAL FORUMS S.A LA EMPRESA, GLOBAL FORUMS LIMITADA, con c\u00e9dula jur\u00eddica 3-102-851065, con domicilio en [&hellip;]<\/p>\n","protected":false},"author":1,"featured_media":0,"parent":0,"menu_order":0,"comment_status":"closed","ping_status":"closed","template":"","meta":{"site-sidebar-layout":"no-sidebar","site-content-layout":"page-builder","ast-site-content-layout":"default","site-content-style":"default","site-sidebar-style":"default","ast-global-header-display":"","ast-banner-title-visibility":"","ast-main-header-display":"","ast-hfb-above-header-display":"","ast-hfb-below-header-display":"","ast-hfb-mobile-header-display":"","site-post-title":"disabled","ast-breadcrumbs-content":"","ast-featured-img":"disabled","footer-sml-layout":"","ast-disable-related-posts":"","theme-transparent-header-meta":"","adv-header-id-meta":"","stick-header-meta":"","header-above-stick-meta":"","header-main-stick-meta":"","header-below-stick-meta":"","astra-migrate-meta-layouts":"default","ast-page-background-enabled":"default","ast-page-background-meta":{"desktop":{"background-color":"var(--ast-global-color-4)","background-image":"","background-repeat":"repeat","background-position":"center center","background-size":"auto","background-attachment":"scroll","background-type":"","background-media":"","overlay-type":"","overlay-color":"","overlay-opacity":"","overlay-gradient":""},"tablet":{"background-color":"","background-image":"","background-repeat":"repeat","background-position":"center center","background-size":"auto","background-attachment":"scroll","background-type":"","background-media":"","overlay-type":"","overlay-color":"","overlay-opacity":"","overlay-gradient":""},"mobile":{"background-color":"","background-image":"","background-repeat":"repeat","background-position":"center center","background-size":"auto","background-attachment":"scroll","background-type":"","background-media":"","overlay-type":"","overlay-color":"","overlay-opacity":"","overlay-gradient":""}},"ast-content-background-meta":{"desktop":{"background-color":"var(--ast-global-color-5)","background-image":"","background-repeat":"repeat","background-position":"center center","background-size":"auto","background-attachment":"scroll","background-type":"","background-media":"","overlay-type":"","overlay-color":"","overlay-opacity":"","overlay-gradient":""},"tablet":{"background-color":"var(--ast-global-color-5)","background-image":"","background-repeat":"repeat","background-position":"center center","background-size":"auto","background-attachment":"scroll","background-type":"","background-media":"","overlay-type":"","overlay-color":"","overlay-opacity":"","overlay-gradient":""},"mobile":{"background-color":"var(--ast-global-color-5)","background-image":"","background-repeat":"repeat","background-position":"center center","background-size":"auto","background-attachment":"scroll","background-type":"","background-media":"","overlay-type":"","overlay-color":"","overlay-opacity":"","overlay-gradient":""}},"footnotes":""},"class_list":["post-5555","page","type-page","status-publish","hentry"],"_links":{"self":[{"href":"https:\/\/foros.cr\/index.php\/wp-json\/wp\/v2\/pages\/5555","targetHints":{"allow":["GET"]}}],"collection":[{"href":"https:\/\/foros.cr\/index.php\/wp-json\/wp\/v2\/pages"}],"about":[{"href":"https:\/\/foros.cr\/index.php\/wp-json\/wp\/v2\/types\/page"}],"author":[{"embeddable":true,"href":"https:\/\/foros.cr\/index.php\/wp-json\/wp\/v2\/users\/1"}],"replies":[{"embeddable":true,"href":"https:\/\/foros.cr\/index.php\/wp-json\/wp\/v2\/comments?post=5555"}],"version-history":[{"count":0,"href":"https:\/\/foros.cr\/index.php\/wp-json\/wp\/v2\/pages\/5555\/revisions"}],"wp:attachment":[{"href":"https:\/\/foros.cr\/index.php\/wp-json\/wp\/v2\/media?parent=5555"}],"curies":[{"name":"wp","href":"https:\/\/api.w.org\/{rel}","templated":true}]}}